{"id":293,"date":"2025-10-24T16:13:32","date_gmt":"2025-10-24T16:13:32","guid":{"rendered":"https:\/\/www2.aiperas.com\/?page_id=293"},"modified":"2025-12-07T20:28:27","modified_gmt":"2025-12-07T20:28:27","slug":"entegrasyonlar","status":"publish","type":"page","link":"https:\/\/www.aiperas.com\/en\/entegrasyonlar\/","title":{"rendered":"Integrations"},"content":{"rendered":"<div data-elementor-type=\"wp-page\" data-elementor-id=\"293\" class=\"elementor elementor-293\" data-elementor-post-type=\"page\">\n\t\t\t\t<div class=\"elementor-element elementor-element-f11a4bc e-flex e-con-boxed e-con e-parent\" data-id=\"f11a4bc\" data-element_type=\"container\">\n\t\t\t\t\t<div class=\"e-con-inner\">\n\t\t<div class=\"elementor-element elementor-element-dd7dbe3 e-con-full e-flex e-con e-child\" data-id=\"dd7dbe3\" data-element_type=\"container\" data-settings=\"{&quot;background_background&quot;:&quot;classic&quot;}\">\n\t\t<div class=\"elementor-element elementor-element-a8b9370 e-con-full e-flex e-con e-child\" data-id=\"a8b9370\" data-element_type=\"container\">\n\t\t<div class=\"elementor-element elementor-element-57cce64 e-con-full e-flex e-con e-child\" data-id=\"57cce64\" data-element_type=\"container\">\n\t\t\t\t<div class=\"elementor-element elementor-element-1c52cbc elementor-widget elementor-widget-heading\" data-id=\"1c52cbc\" data-element_type=\"widget\" data-settings=\"{&quot;_animation&quot;:&quot;none&quot;}\" data-widget_type=\"heading.default\">\n\t\t\t\t\t<h1 class=\"elementor-heading-title elementor-size-default\">Instant Connectivity with Top ERP Platforms<\/h1>\t\t\t\t<\/div>\n\t\t\t\t<div class=\"elementor-element elementor-element-d090f33 elementor-widget elementor-widget-text-editor\" data-id=\"d090f33\" data-element_type=\"widget\" data-settings=\"{&quot;_animation&quot;:&quot;none&quot;,&quot;_animation_delay&quot;:200}\" data-widget_type=\"text-editor.default\">\n\t\t\t\t\t\t\t\t\t<div class=\"d1\"><p class=\"translation-block\"><strong>aiperas<\/strong> adapts easily to any ERP system with its flexible architecture.\n<br><br>\nIt is already integrated with <strong>Logo<\/strong> and <strong>Mikro<\/strong>, and new integrations are on the way!\n<br><br>\nAs the <strong>aiperas<\/strong> ecosystem expands, AI adoption becomes even easier for businesses.<\/p><\/div>\t\t\t\t\t\t\t\t<\/div>\n\t\t\t\t<\/div>\n\t\t<div class=\"elementor-element elementor-element-2e4c947 e-con-full e-flex e-con e-child\" data-id=\"2e4c947\" data-element_type=\"container\">\n\t\t\t\t<div class=\"elementor-element elementor-element-96000d2 elementor-align-left elementor-widget__width-auto elementor-widget elementor-widget-button\" data-id=\"96000d2\" data-element_type=\"widget\" data-settings=\"{&quot;_animation&quot;:&quot;none&quot;,&quot;_animation_delay&quot;:400}\" data-widget_type=\"button.default\">\n\t\t\t\t\t\t\t\t\t\t<a class=\"elementor-button elementor-button-link elementor-size-sm\" href=\"\/en\/contact\/\">\n\t\t\t\t\t\t<span class=\"elementor-button-content-wrapper\">\n\t\t\t\t\t\t\t\t\t<span class=\"elementor-button-text\">Request a Callback<\/span>\n\t\t\t\t\t<\/span>\n\t\t\t\t\t<\/a>\n\t\t\t\t\t\t\t\t<\/div>\n\t\t\t\t<div class=\"elementor-element elementor-element-13e9bd5 elementor-widget elementor-widget-heading\" data-id=\"13e9bd5\" data-element_type=\"widget\" data-widget_type=\"heading.default\">\n\t\t\t\t\t<h2 class=\"elementor-heading-title elementor-size-default translation-block\">Want to make your ERP smarter?<br>\nJust get in touch with us<\/h2>\t\t\t\t<\/div>\n\t\t\t\t<\/div>\n\t\t\t\t<\/div>\n\t\t<div class=\"elementor-element elementor-element-713bde7 e-con-full e-flex e-con e-child\" data-id=\"713bde7\" data-element_type=\"container\" data-settings=\"{&quot;background_background&quot;:&quot;classic&quot;}\">\n\t\t<div class=\"elementor-element elementor-element-22cd91a e-con-full e-flex e-con e-child\" data-id=\"22cd91a\" data-element_type=\"container\" data-settings=\"{&quot;background_background&quot;:&quot;classic&quot;}\">\n\t\t<div class=\"elementor-element elementor-element-6add421 e-con-full e-flex e-con e-child\" data-id=\"6add421\" data-element_type=\"container\">\n\t\t\t\t<div class=\"elementor-element elementor-element-9e815ba elementor-widget__width-initial elementor-widget elementor-widget-image\" data-id=\"9e815ba\" data-element_type=\"widget\" data-widget_type=\"image.default\">\n\t\t\t\t\t\t\t\t\t\t\t\t\t\t\t<img fetchpriority=\"high\" decoding=\"async\" width=\"800\" height=\"951\" src=\"https:\/\/www.aiperas.com\/wp-content\/uploads\/2025\/10\/integrations-hero-861x1024.png\" class=\"attachment-large size-large wp-image-296\" alt=\"\" srcset=\"https:\/\/www.aiperas.com\/wp-content\/uploads\/2025\/10\/integrations-hero-861x1024.png 861w, https:\/\/www.aiperas.com\/wp-content\/uploads\/2025\/10\/integrations-hero-252x300.png 252w, https:\/\/www.aiperas.com\/wp-content\/uploads\/2025\/10\/integrations-hero-768x913.png 768w, https:\/\/www.aiperas.com\/wp-content\/uploads\/2025\/10\/integrations-hero.png 1095w\" sizes=\"(max-width: 800px) 100vw, 800px\" \/>\t\t\t\t\t\t\t\t\t\t\t\t\t\t\t<\/div>\n\t\t\t\t<\/div>\n\t\t<div class=\"elementor-element elementor-element-ce37547 e-con-full e-flex e-con e-child\" data-id=\"ce37547\" data-element_type=\"container\">\n\t\t<div class=\"elementor-element elementor-element-00b07aa e-con-full e-flex e-con e-child\" data-id=\"00b07aa\" data-element_type=\"container\">\n\t\t\t\t<div class=\"elementor-element elementor-element-2ab909c elementor-icon-list--layout-inline elementor-align-center elementor-list-item-link-full_width elementor-widget elementor-widget-icon-list\" data-id=\"2ab909c\" data-element_type=\"widget\" data-widget_type=\"icon-list.default\">\n\t\t\t\t\t\t\t<ul class=\"elementor-icon-list-items elementor-inline-items\">\n\t\t\t\t\t\t\t<li class=\"elementor-icon-list-item elementor-inline-item\">\n\t\t\t\t\t\t\t\t\t\t\t<span class=\"elementor-icon-list-icon\">\n\t\t\t\t\t\t\t<svg aria-hidden=\"true\" class=\"e-font-icon-svg e-fas-shield-alt\" viewbox=\"0 0 512 512\" xmlns=\"http:\/\/www.w3.org\/2000\/svg\"><path d=\"M466.5 83.7l-192-80a48.15 48.15 0 0 0-36.9 0l-192 80C27.7 91.1 16 108.6 16 128c0 198.5 114.5 335.7 221.5 380.3 11.8 4.9 25.1 4.9 36.9 0C360.1 472.6 496 349.3 496 128c0-19.4-11.7-36.9-29.5-44.3zM256.1 446.3l-.1-381 175.9 73.3c-3.3 151.4-82.1 261.1-175.8 307.7z\"><\/path><\/svg>\t\t\t\t\t\t<\/span>\n\t\t\t\t\t\t\t\t\t\t<span class=\"elementor-icon-list-text\">Encryption<\/span>\n\t\t\t\t\t\t\t\t\t<\/li>\n\t\t\t\t\t\t\t\t<li class=\"elementor-icon-list-item elementor-inline-item\">\n\t\t\t\t\t\t\t\t\t\t\t<span class=\"elementor-icon-list-icon\">\n\t\t\t\t\t\t\t<svg aria-hidden=\"true\" class=\"e-font-icon-svg e-fas-lock\" viewbox=\"0 0 448 512\" xmlns=\"http:\/\/www.w3.org\/2000\/svg\"><path d=\"M400 224h-24v-72C376 68.2 307.8 0 224 0S72 68.2 72 152v72H48c-26.5 0-48 21.5-48 48v192c0 26.5 21.5 48 48 48h352c26.5 0 48-21.5 48-48V272c0-26.5-21.5-48-48-48zm-104 0H152v-72c0-39.7 32.3-72 72-72s72 32.3 72 72v72z\"><\/path><\/svg>\t\t\t\t\t\t<\/span>\n\t\t\t\t\t\t\t\t\t\t<span class=\"elementor-icon-list-text\">Role\u2011Based Access<\/span>\n\t\t\t\t\t\t\t\t\t<\/li>\n\t\t\t\t\t\t\t\t<li class=\"elementor-icon-list-item elementor-inline-item\">\n\t\t\t\t\t\t\t\t\t\t\t<span class=\"elementor-icon-list-icon\">\n\t\t\t\t\t\t\t<svg aria-hidden=\"true\" class=\"e-font-icon-svg e-fas-redo\" viewbox=\"0 0 512 512\" xmlns=\"http:\/\/www.w3.org\/2000\/svg\"><path d=\"M500.33 0h-47.41a12 12 0 0 0-12 12.57l4 82.76A247.42 247.42 0 0 0 256 8C119.34 8 7.9 119.53 8 256.19 8.1 393.07 119.1 504 256 504a247.1 247.1 0 0 0 166.18-63.91 12 12 0 0 0 .48-17.43l-34-34a12 12 0 0 0-16.38-.55A176 176 0 1 1 402.1 157.8l-101.53-4.87a12 12 0 0 0-12.57 12v47.41a12 12 0 0 0 12 12h200.33a12 12 0 0 0 12-12V12a12 12 0 0 0-12-12z\"><\/path><\/svg>\t\t\t\t\t\t<\/span>\n\t\t\t\t\t\t\t\t\t\t<span class=\"elementor-icon-list-text\">Incremental Replication<\/span>\n\t\t\t\t\t\t\t\t\t<\/li>\n\t\t\t\t\t\t<\/ul>\n\t\t\t\t\t\t<\/div>\n\t\t\t\t<\/div>\n\t\t\t\t<div class=\"elementor-element elementor-element-ef35c38 elementor-widget-divider--view-line elementor-widget elementor-widget-divider\" data-id=\"ef35c38\" data-element_type=\"widget\" data-widget_type=\"divider.default\">\n\t\t\t\t\t\t\t<div class=\"elementor-divider\">\n\t\t\t<span class=\"elementor-divider-separator\">\n\t\t\t\t\t\t<\/span>\n\t\t<\/div>\n\t\t\t\t\t\t<\/div>\n\t\t<div class=\"elementor-element elementor-element-88e49a9 e-con-full e-flex e-con e-child\" data-id=\"88e49a9\" data-element_type=\"container\">\n\t\t\t\t<div class=\"elementor-element elementor-element-036e18c elementor-widget elementor-widget-image\" data-id=\"036e18c\" data-element_type=\"widget\" data-widget_type=\"image.default\">\n\t\t\t\t\t\t\t\t\t\t\t\t\t\t\t<img decoding=\"async\" width=\"800\" height=\"210\" src=\"https:\/\/www.aiperas.com\/wp-content\/uploads\/2025\/10\/mikro-fly-sinerji-data-yazilim-mikro-uskudar-mikro-kadikoy-mikro-atasehir-1024x269.png\" class=\"attachment-large size-large wp-image-320\" alt=\"\" srcset=\"https:\/\/www.aiperas.com\/wp-content\/uploads\/2025\/10\/mikro-fly-sinerji-data-yazilim-mikro-uskudar-mikro-kadikoy-mikro-atasehir-1024x269.png 1024w, https:\/\/www.aiperas.com\/wp-content\/uploads\/2025\/10\/mikro-fly-sinerji-data-yazilim-mikro-uskudar-mikro-kadikoy-mikro-atasehir-300x79.png 300w, https:\/\/www.aiperas.com\/wp-content\/uploads\/2025\/10\/mikro-fly-sinerji-data-yazilim-mikro-uskudar-mikro-kadikoy-mikro-atasehir-768x202.png 768w, https:\/\/www.aiperas.com\/wp-content\/uploads\/2025\/10\/mikro-fly-sinerji-data-yazilim-mikro-uskudar-mikro-kadikoy-mikro-atasehir.png 1080w\" sizes=\"(max-width: 800px) 100vw, 800px\" \/>\t\t\t\t\t\t\t\t\t\t\t\t\t\t\t<\/div>\n\t\t\t\t<div class=\"elementor-element elementor-element-15c4613 elementor-widget elementor-widget-image\" data-id=\"15c4613\" data-element_type=\"widget\" data-widget_type=\"image.default\">\n\t\t\t\t\t\t\t\t\t\t\t\t\t\t\t<img decoding=\"async\" width=\"800\" height=\"210\" src=\"https:\/\/www.aiperas.com\/wp-content\/uploads\/2025\/10\/logo-mikro-yazilim-run-1024x269.png\" class=\"attachment-large size-large wp-image-319\" alt=\"\" srcset=\"https:\/\/www.aiperas.com\/wp-content\/uploads\/2025\/10\/logo-mikro-yazilim-run-1024x269.png 1024w, https:\/\/www.aiperas.com\/wp-content\/uploads\/2025\/10\/logo-mikro-yazilim-run-300x79.png 300w, https:\/\/www.aiperas.com\/wp-content\/uploads\/2025\/10\/logo-mikro-yazilim-run-768x202.png 768w, https:\/\/www.aiperas.com\/wp-content\/uploads\/2025\/10\/logo-mikro-yazilim-run.png 1080w\" sizes=\"(max-width: 800px) 100vw, 800px\" \/>\t\t\t\t\t\t\t\t\t\t\t\t\t\t\t<\/div>\n\t\t\t\t<div class=\"elementor-element elementor-element-be22035 elementor-widget elementor-widget-image\" data-id=\"be22035\" data-element_type=\"widget\" data-widget_type=\"image.default\">\n\t\t\t\t\t\t\t\t\t\t\t\t\t\t\t<img loading=\"lazy\" decoding=\"async\" width=\"800\" height=\"210\" src=\"https:\/\/www.aiperas.com\/wp-content\/uploads\/2025\/10\/logo-mikro-yazilim-jump-1024x269.png\" class=\"attachment-large size-large wp-image-318\" alt=\"\" srcset=\"https:\/\/www.aiperas.com\/wp-content\/uploads\/2025\/10\/logo-mikro-yazilim-jump-1024x269.png 1024w, https:\/\/www.aiperas.com\/wp-content\/uploads\/2025\/10\/logo-mikro-yazilim-jump-300x79.png 300w, https:\/\/www.aiperas.com\/wp-content\/uploads\/2025\/10\/logo-mikro-yazilim-jump-768x202.png 768w, https:\/\/www.aiperas.com\/wp-content\/uploads\/2025\/10\/logo-mikro-yazilim-jump.png 1080w\" sizes=\"(max-width: 800px) 100vw, 800px\" \/>\t\t\t\t\t\t\t\t\t\t\t\t\t\t\t<\/div>\n\t\t\t\t<div class=\"elementor-element elementor-element-cabeccc elementor-widget elementor-widget-image\" data-id=\"cabeccc\" data-element_type=\"widget\" data-widget_type=\"image.default\">\n\t\t\t\t\t\t\t\t\t\t\t\t\t\t\t<img loading=\"lazy\" decoding=\"async\" width=\"800\" height=\"227\" src=\"https:\/\/www.aiperas.com\/wp-content\/uploads\/2025\/10\/logo_tiger_3.png\" class=\"attachment-large size-large wp-image-317\" alt=\"\" srcset=\"https:\/\/www.aiperas.com\/wp-content\/uploads\/2025\/10\/logo_tiger_3.png 1000w, https:\/\/www.aiperas.com\/wp-content\/uploads\/2025\/10\/logo_tiger_3-300x85.png 300w, https:\/\/www.aiperas.com\/wp-content\/uploads\/2025\/10\/logo_tiger_3-768x218.png 768w\" sizes=\"(max-width: 800px) 100vw, 800px\" \/>\t\t\t\t\t\t\t\t\t\t\t\t\t\t\t<\/div>\n\t\t\t\t<\/div>\n\t\t\t\t<\/div>\n\t\t\t\t<\/div>\n\t\t\t\t<\/div>\n\t\t\t\t<\/div>\n\t\t\t\t\t<\/div>\n\t\t\t\t<\/div>\n\t\t<div class=\"elementor-element elementor-element-be0b879 e-flex e-con-boxed e-con e-parent\" data-id=\"be0b879\" data-element_type=\"container\">\n\t\t\t\t\t<div class=\"e-con-inner\">\n\t\t<div class=\"elementor-element elementor-element-faf56f7 e-con-full e-flex e-con e-child\" data-id=\"faf56f7\" data-element_type=\"container\">\n\t\t<div class=\"elementor-element elementor-element-f479e36 e-con-full e-flex e-con e-child\" data-id=\"f479e36\" data-element_type=\"container\">\n\t\t\t\t<div class=\"elementor-element elementor-element-f4d3ebf elementor-widget elementor-widget-heading\" data-id=\"f4d3ebf\" data-element_type=\"widget\" data-widget_type=\"heading.default\">\n\t\t\t\t\t<h2 class=\"elementor-heading-title elementor-size-default\">Seamless Integration, Secure Data Flow, Quick Setup<\/h2>\t\t\t\t<\/div>\n\t\t\t\t<div class=\"elementor-element elementor-element-da48c3b elementor-widget elementor-widget-heading\" data-id=\"da48c3b\" data-element_type=\"widget\" data-widget_type=\"heading.default\">\n\t\t\t\t\t<h2 class=\"elementor-heading-title elementor-size-default\">aiperas instantly integrates with the most common ERPs in Turkey. While secure and live data flow is established with aBridge, you can activate it within minutes using the setup wizard and expert support.<\/h2>\t\t\t\t<\/div>\n\t\t\t\t<\/div>\n\t\t\t\t<\/div>\n\t\t<div class=\"elementor-element elementor-element-291c820 e-con-full e-flex e-con e-child\" data-id=\"291c820\" data-element_type=\"container\">\n\t\t<div class=\"elementor-element elementor-element-b24a188 e-con-full e-flex e-con e-child\" data-id=\"b24a188\" data-element_type=\"container\">\n\t\t<div class=\"elementor-element elementor-element-19bd0b0 e-con-full e-flex e-con e-child\" data-id=\"19bd0b0\" data-element_type=\"container\">\n\t\t\t\t<div class=\"elementor-element elementor-element-2991050 elementor-widget elementor-widget-heading\" data-id=\"2991050\" data-element_type=\"widget\" data-widget_type=\"heading.default\">\n\t\t\t\t\t<h5 class=\"elementor-heading-title elementor-size-default\">Ready Integration<\/h5>\t\t\t\t<\/div>\n\t\t\t\t<div class=\"elementor-element elementor-element-78afae9 elementor-widget elementor-widget-text-editor\" data-id=\"78afae9\" data-element_type=\"widget\" data-widget_type=\"text-editor.default\">\n\t\t\t\t\t\t\t\t\t<div class=\"d1\"><p><span class=\"s1\">Works out-of-the-box with the most widely used ERP systems in Turkey. Tested for the Logo and Mikro product families, enabling fast deployment with minimal IT effort.<\/span><\/p><\/div>\t\t\t\t\t\t\t\t<\/div>\n\t\t\t\t<\/div>\n\t\t\t\t<div class=\"elementor-element elementor-element-5f00c81 elementor-widget elementor-widget-image\" data-id=\"5f00c81\" data-element_type=\"widget\" data-widget_type=\"image.default\">\n\t\t\t\t\t\t\t\t\t\t\t\t\t\t\t<img loading=\"lazy\" decoding=\"async\" width=\"800\" height=\"526\" src=\"https:\/\/www.aiperas.com\/wp-content\/uploads\/2025\/11\/integrations-featured-1-en.png\" class=\"attachment-large size-large wp-image-331\" alt=\"\" srcset=\"https:\/\/www.aiperas.com\/wp-content\/uploads\/2025\/11\/integrations-featured-1-en.png 818w, https:\/\/www.aiperas.com\/wp-content\/uploads\/2025\/11\/integrations-featured-1-en-300x197.png 300w, https:\/\/www.aiperas.com\/wp-content\/uploads\/2025\/11\/integrations-featured-1-en-768x505.png 768w, https:\/\/www.aiperas.com\/wp-content\/uploads\/2025\/11\/integrations-featured-1-en-18x12.png 18w\" sizes=\"(max-width: 800px) 100vw, 800px\" \/>\t\t\t\t\t\t\t\t\t\t\t\t\t\t\t<\/div>\n\t\t\t\t<\/div>\n\t\t<div class=\"elementor-element elementor-element-62914c8 e-con-full e-flex e-con e-child\" data-id=\"62914c8\" data-element_type=\"container\">\n\t\t<div class=\"elementor-element elementor-element-7ce0108 e-con-full e-flex e-con e-child\" data-id=\"7ce0108\" data-element_type=\"container\">\n\t\t\t\t<div class=\"elementor-element elementor-element-e1fd69f elementor-widget elementor-widget-heading\" data-id=\"e1fd69f\" data-element_type=\"widget\" data-widget_type=\"heading.default\">\n\t\t\t\t\t<h5 class=\"elementor-heading-title elementor-size-default\">Secure and Real-Time Data Flow (aBridge)<\/h5>\t\t\t\t<\/div>\n\t\t\t\t<div class=\"elementor-element elementor-element-8ed6982 elementor-widget elementor-widget-text-editor\" data-id=\"8ed6982\" data-element_type=\"widget\" data-widget_type=\"text-editor.default\">\n\t\t\t\t\t\t\t\t\t<div class=\"d1\"><p><span class=\"s1\">Instant and encrypted data flow between your ERP and aiperas via aBridge. Corporate security with role\/field-based authorization and audit logs.<\/span><\/p><\/div>\t\t\t\t\t\t\t\t<\/div>\n\t\t\t\t<\/div>\n\t\t\t\t<div class=\"elementor-element elementor-element-9f461be elementor-widget elementor-widget-image\" data-id=\"9f461be\" data-element_type=\"widget\" data-widget_type=\"image.default\">\n\t\t\t\t\t\t\t\t\t\t\t\t\t\t\t<img loading=\"lazy\" decoding=\"async\" width=\"800\" height=\"526\" src=\"https:\/\/www.aiperas.com\/wp-content\/uploads\/2025\/10\/integrations-featured-2.png\" class=\"attachment-large size-large wp-image-324\" alt=\"\" srcset=\"https:\/\/www.aiperas.com\/wp-content\/uploads\/2025\/10\/integrations-featured-2.png 818w, https:\/\/www.aiperas.com\/wp-content\/uploads\/2025\/10\/integrations-featured-2-300x197.png 300w, https:\/\/www.aiperas.com\/wp-content\/uploads\/2025\/10\/integrations-featured-2-768x505.png 768w\" sizes=\"(max-width: 800px) 100vw, 800px\" \/>\t\t\t\t\t\t\t\t\t\t\t\t\t\t\t<\/div>\n\t\t\t\t<\/div>\n\t\t<div class=\"elementor-element elementor-element-11aaf00 e-con-full e-flex e-con e-child\" data-id=\"11aaf00\" data-element_type=\"container\">\n\t\t<div class=\"elementor-element elementor-element-c682309 e-con-full e-flex e-con e-child\" data-id=\"c682309\" data-element_type=\"container\">\n\t\t\t\t<div class=\"elementor-element elementor-element-7a61475 elementor-widget elementor-widget-heading\" data-id=\"7a61475\" data-element_type=\"widget\" data-widget_type=\"heading.default\">\n\t\t\t\t\t<h5 class=\"elementor-heading-title elementor-size-default\">Quick Setup<\/h5>\t\t\t\t<\/div>\n\t\t\t\t<div class=\"elementor-element elementor-element-8567987 elementor-widget elementor-widget-text-editor\" data-id=\"8567987\" data-element_type=\"widget\" data-widget_type=\"text-editor.default\">\n\t\t\t\t\t\t\t\t\t<div class=\"d1\"><div class=\"d1\"><p><span style=\"font-weight: 400;\">Activate your integration in minutes with the setup wizard and automatic connection tests.<\/span><\/p><\/div><\/div>\t\t\t\t\t\t\t\t<\/div>\n\t\t\t\t<\/div>\n\t\t\t\t<div class=\"elementor-element elementor-element-935eacd elementor-widget elementor-widget-image\" data-id=\"935eacd\" data-element_type=\"widget\" data-widget_type=\"image.default\">\n\t\t\t\t\t\t\t\t\t\t\t\t\t\t\t<img loading=\"lazy\" decoding=\"async\" width=\"800\" height=\"526\" src=\"https:\/\/www.aiperas.com\/wp-content\/uploads\/2025\/10\/integrations-featured-3.png\" class=\"attachment-large size-large wp-image-330\" alt=\"\" srcset=\"https:\/\/www.aiperas.com\/wp-content\/uploads\/2025\/10\/integrations-featured-3.png 818w, https:\/\/www.aiperas.com\/wp-content\/uploads\/2025\/10\/integrations-featured-3-300x197.png 300w, https:\/\/www.aiperas.com\/wp-content\/uploads\/2025\/10\/integrations-featured-3-768x505.png 768w\" sizes=\"(max-width: 800px) 100vw, 800px\" \/>\t\t\t\t\t\t\t\t\t\t\t\t\t\t\t<\/div>\n\t\t\t\t<\/div>\n\t\t\t\t<\/div>\n\t\t\t\t\t<\/div>\n\t\t\t\t<\/div>\n\t\t\t\t<\/div>","protected":false},"excerpt":{"rendered":"<p>En Yayg\u0131n ERP\u2019lerle Haz\u0131r Entegrasyon aiperas, esnek mimarisiyle her ERP\u2019ye kolayca uyum sa\u011flar. Bug\u00fcn Logo ve Mikro ERP sistemleriyle entegre; yeni entegrasyonlar ise yolda! aiperas ekosistemi geni\u015fledik\u00e7e, i\u015fletmelerin yapay zek\u00e2 adaptasyonu daha da kolayla\u015f\u0131yor. Sizi Arayal\u0131m ERP\u2019nizi daha ak\u0131ll\u0131 hale getirmek ister misiniz? Bizimle ileti\u015fime ge\u00e7in. Encryption Role\u2011Based Access Incremental Replication Haz\u0131r Entegrasyon, G\u00fcvenli Ak\u0131\u015f, [&hellip;]<\/p>","protected":false},"author":1,"featured_media":0,"parent":0,"menu_order":0,"comment_status":"closed","ping_status":"closed","template":"","meta":{"footnotes":""},"class_list":["post-293","page","type-page","status-publish","hentry"],"_links":{"self":[{"href":"https:\/\/www.aiperas.com\/en\/wp-json\/wp\/v2\/pages\/293","targetHints":{"allow":["GET"]}}],"collection":[{"href":"https:\/\/www.aiperas.com\/en\/wp-json\/wp\/v2\/pages"}],"about":[{"href":"https:\/\/www.aiperas.com\/en\/wp-json\/wp\/v2\/types\/page"}],"author":[{"embeddable":true,"href":"https:\/\/www.aiperas.com\/en\/wp-json\/wp\/v2\/users\/1"}],"replies":[{"embeddable":true,"href":"https:\/\/www.aiperas.com\/en\/wp-json\/wp\/v2\/comments?post=293"}],"version-history":[{"count":5,"href":"https:\/\/www.aiperas.com\/en\/wp-json\/wp\/v2\/pages\/293\/revisions"}],"predecessor-version":[{"id":1211,"href":"https:\/\/www.aiperas.com\/en\/wp-json\/wp\/v2\/pages\/293\/revisions\/1211"}],"wp:attachment":[{"href":"https:\/\/www.aiperas.com\/en\/wp-json\/wp\/v2\/media?parent=293"}],"curies":[{"name":"wp","href":"https:\/\/api.w.org\/{rel}","templated":true}]}}