{"id":30,"date":"2025-10-17T19:19:54","date_gmt":"2025-10-17T19:19:54","guid":{"rendered":"https:\/\/www2.aiperas.com\/?page_id=30"},"modified":"2025-12-03T15:49:57","modified_gmt":"2025-12-03T15:49:57","slug":"about","status":"publish","type":"page","link":"https:\/\/www.aiperas.com\/en\/about\/","title":{"rendered":"About Us"},"content":{"rendered":"<div data-elementor-type=\"wp-page\" data-elementor-id=\"30\" class=\"elementor elementor-30\" data-elementor-post-type=\"page\">\n\t\t\t\t<div class=\"elementor-element elementor-element-8eae52d e-flex e-con-boxed e-con e-parent\" data-id=\"8eae52d\" data-element_type=\"container\">\n\t\t\t\t\t<div class=\"e-con-inner\">\n\t\t<div class=\"elementor-element elementor-element-3386e28 e-con-full e-flex e-con e-child\" data-id=\"3386e28\" data-element_type=\"container\">\n\t\t<div class=\"elementor-element elementor-element-e7731a5 e-con-full e-flex e-con e-child\" data-id=\"e7731a5\" data-element_type=\"container\">\n\t\t\t\t<div class=\"elementor-element elementor-element-3eaf43d elementor-widget elementor-widget-heading\" data-id=\"3eaf43d\" data-element_type=\"widget\" data-widget_type=\"heading.default\">\n\t\t\t\t\t<h2 class=\"elementor-heading-title elementor-size-default\">About Us<\/h2>\t\t\t\t<\/div>\n\t\t\t\t<div class=\"elementor-element elementor-element-e6da2c7 elementor-widget elementor-widget-heading\" data-id=\"e6da2c7\" data-element_type=\"widget\" data-widget_type=\"heading.default\">\n\t\t\t\t\t<h2 class=\"elementor-heading-title elementor-size-default\">The AI Team That Makes Data Accessible<\/h2>\t\t\t\t<\/div>\n\t\t\t\t<div class=\"elementor-element elementor-element-d380641 elementor-widget elementor-widget-heading\" data-id=\"d380641\" data-element_type=\"widget\" data-widget_type=\"heading.default\">\n\t\t\t\t\t<h2 class=\"elementor-heading-title elementor-size-default\">At aiperas, we take pride not only in the technology we build, but also in the expertise and passion of our team. Our vision is to make access to data easy, fast, and reliable for everyone in the business world. We believe that when decision-makers can reach the right information instantly, both they and their organizations become significantly stronger.<\/h2>\t\t\t\t<\/div>\n\t\t<div class=\"elementor-element elementor-element-5df49cd e-con-full e-flex e-con e-child\" data-id=\"5df49cd\" data-element_type=\"container\">\n\t\t\t\t<div class=\"elementor-element elementor-element-0b90bf0 elementor-align-left elementor-widget elementor-widget-button\" data-id=\"0b90bf0\" data-element_type=\"widget\" data-settings=\"{&quot;_animation&quot;:&quot;none&quot;}\" data-widget_type=\"button.default\">\n\t\t\t\t\t\t\t\t\t\t<a class=\"elementor-button elementor-button-link elementor-size-sm\" href=\"\/en\/contact\/\">\n\t\t\t\t\t\t<span class=\"elementor-button-content-wrapper\">\n\t\t\t\t\t\t\t\t\t<span class=\"elementor-button-text\">Experience aiperas<\/span>\n\t\t\t\t\t<\/span>\n\t\t\t\t\t<\/a>\n\t\t\t\t\t\t\t\t<\/div>\n\t\t\t\t<\/div>\n\t\t\t\t<\/div>\n\t\t\t\t<\/div>\n\t\t\t\t\t<\/div>\n\t\t\t\t<\/div>\n\t\t<div class=\"elementor-element elementor-element-66b0821 e-flex e-con-boxed e-con e-parent\" data-id=\"66b0821\" data-element_type=\"container\">\n\t\t\t\t\t<div class=\"e-con-inner\">\n\t\t<div class=\"elementor-element elementor-element-05cf4fc e-con-full e-flex e-con e-child\" data-id=\"05cf4fc\" data-element_type=\"container\" data-settings=\"{&quot;background_background&quot;:&quot;classic&quot;}\">\n\t\t<div class=\"elementor-element elementor-element-7a3daa3 e-con-full e-flex e-con e-child\" data-id=\"7a3daa3\" data-element_type=\"container\">\n\t\t<div class=\"elementor-element elementor-element-e3abfc2 e-con-full e-flex e-con e-child\" data-id=\"e3abfc2\" data-element_type=\"container\">\n\t\t\t\t<div class=\"elementor-element elementor-element-313845c elementor-view-default elementor-widget elementor-widget-icon\" data-id=\"313845c\" data-element_type=\"widget\" data-widget_type=\"icon.default\">\n\t\t\t\t\t\t\t<div class=\"elementor-icon-wrapper\">\n\t\t\t<div class=\"elementor-icon\">\n\t\t\t<svg aria-hidden=\"true\" class=\"e-font-icon-svg e-fas-quote-left\" viewbox=\"0 0 512 512\" xmlns=\"http:\/\/www.w3.org\/2000\/svg\"><path d=\"M464 256h-80v-64c0-35.3 28.7-64 64-64h8c13.3 0 24-10.7 24-24V56c0-13.3-10.7-24-24-24h-8c-88.4 0-160 71.6-160 160v240c0 26.5 21.5 48 48 48h128c26.5 0 48-21.5 48-48V304c0-26.5-21.5-48-48-48zm-288 0H96v-64c0-35.3 28.7-64 64-64h8c13.3 0 24-10.7 24-24V56c0-13.3-10.7-24-24-24h-8C71.6 32 0 103.6 0 192v240c0 26.5 21.5 48 48 48h128c26.5 0 48-21.5 48-48V304c0-26.5-21.5-48-48-48z\"><\/path><\/svg>\t\t\t<\/div>\n\t\t<\/div>\n\t\t\t\t\t\t<\/div>\n\t\t\t\t<\/div>\n\t\t<div class=\"elementor-element elementor-element-0c7ca2e e-con-full e-flex e-con e-child\" data-id=\"0c7ca2e\" data-element_type=\"container\">\n\t\t<div class=\"elementor-element elementor-element-377e748 e-con-full e-flex e-con e-child\" data-id=\"377e748\" data-element_type=\"container\">\n\t\t\t\t<div class=\"elementor-element elementor-element-787b408 elementor-widget elementor-widget-heading\" data-id=\"787b408\" data-element_type=\"widget\" data-widget_type=\"heading.default\">\n\t\t\t\t\t<h2 class=\"elementor-heading-title elementor-size-default\">We aim to remove the complexity from technology and make the latest innovations accessible to everyone.<\/h2>\t\t\t\t<\/div>\n\t\t\t\t<\/div>\n\t\t\t\t<\/div>\n\t\t<div class=\"elementor-element elementor-element-c8010a1 e-con-full e-flex e-con e-child\" data-id=\"c8010a1\" data-element_type=\"container\">\n\t\t\t\t<div class=\"elementor-element elementor-element-d3dc669 elementor-view-default elementor-widget elementor-widget-icon\" data-id=\"d3dc669\" data-element_type=\"widget\" data-widget_type=\"icon.default\">\n\t\t\t\t\t\t\t<div class=\"elementor-icon-wrapper\">\n\t\t\t<div class=\"elementor-icon\">\n\t\t\t<svg aria-hidden=\"true\" class=\"e-font-icon-svg e-fas-quote-right\" viewbox=\"0 0 512 512\" xmlns=\"http:\/\/www.w3.org\/2000\/svg\"><path d=\"M464 32H336c-26.5 0-48 21.5-48 48v128c0 26.5 21.5 48 48 48h80v64c0 35.3-28.7 64-64 64h-8c-13.3 0-24 10.7-24 24v48c0 13.3 10.7 24 24 24h8c88.4 0 160-71.6 160-160V80c0-26.5-21.5-48-48-48zm-288 0H48C21.5 32 0 53.5 0 80v128c0 26.5 21.5 48 48 48h80v64c0 35.3-28.7 64-64 64h-8c-13.3 0-24 10.7-24 24v48c0 13.3 10.7 24 24 24h8c88.4 0 160-71.6 160-160V80c0-26.5-21.5-48-48-48z\"><\/path><\/svg>\t\t\t<\/div>\n\t\t<\/div>\n\t\t\t\t\t\t<\/div>\n\t\t\t\t<\/div>\n\t\t\t\t<\/div>\n\t\t\t\t<\/div>\n\t\t\t\t\t<\/div>\n\t\t\t\t<\/div>\n\t\t<div class=\"elementor-element elementor-element-eccdb23 e-flex e-con-boxed e-con e-parent\" data-id=\"eccdb23\" data-element_type=\"container\">\n\t\t\t\t\t<div class=\"e-con-inner\">\n\t\t<div class=\"elementor-element elementor-element-99756f1 e-con-full e-flex e-con e-child\" data-id=\"99756f1\" data-element_type=\"container\" data-settings=\"{&quot;background_background&quot;:&quot;classic&quot;}\">\n\t\t<div class=\"elementor-element elementor-element-4f14de7 e-con-full e-flex e-con e-child\" data-id=\"4f14de7\" data-element_type=\"container\">\n\t\t\t\t<div class=\"elementor-element elementor-element-70a5574 elementor-invisible elementor-widget elementor-widget-heading\" data-id=\"70a5574\" data-element_type=\"widget\" data-settings=\"{&quot;_animation&quot;:&quot;fadeIn&quot;}\" data-widget_type=\"heading.default\">\n\t\t\t\t\t<h1 class=\"elementor-heading-title elementor-size-default\">Our Values<\/h1>\t\t\t\t<\/div>\n\t\t\t\t<div class=\"elementor-element elementor-element-e3cf37b elementor-widget elementor-widget-text-editor\" data-id=\"e3cf37b\" data-element_type=\"widget\" data-settings=\"{&quot;_animation&quot;:&quot;none&quot;,&quot;_animation_delay&quot;:200}\" data-widget_type=\"text-editor.default\">\n\t\t\t\t\t\t\t\t\t<p>Our core values \u2014 Trust, Customer Focus, Innovation, and Determination \u2014 guide every step we take. They differentiate our culture and strengthen the relationships we build with our customers, team members, and business partners.<\/p>\t\t\t\t\t\t\t\t<\/div>\n\t\t\t\t<\/div>\n\t\t<div class=\"elementor-element elementor-element-a52f7f6 e-con-full e-flex e-con e-child\" data-id=\"a52f7f6\" data-element_type=\"container\">\n\t\t<div class=\"elementor-element elementor-element-61277de e-con-full e-flex e-con e-child\" data-id=\"61277de\" data-element_type=\"container\" data-settings=\"{&quot;background_background&quot;:&quot;classic&quot;}\">\n\t\t\t\t<div class=\"elementor-element elementor-element-f8ac401 elementor-widget elementor-widget-image\" data-id=\"f8ac401\" data-element_type=\"widget\" data-widget_type=\"image.default\">\n\t\t\t\t\t\t\t\t\t\t\t\t\t\t\t<img fetchpriority=\"high\" decoding=\"async\" width=\"800\" height=\"800\" src=\"https:\/\/www.aiperas.com\/wp-content\/uploads\/2025\/11\/about-us-1-en.png\" class=\"attachment-large size-large wp-image-885\" alt=\"\" srcset=\"https:\/\/www.aiperas.com\/wp-content\/uploads\/2025\/11\/about-us-1-en.png 1080w, https:\/\/www.aiperas.com\/wp-content\/uploads\/2025\/11\/about-us-1-en-300x300.png 300w, https:\/\/www.aiperas.com\/wp-content\/uploads\/2025\/11\/about-us-1-en-1024x1024.png 1024w, https:\/\/www.aiperas.com\/wp-content\/uploads\/2025\/11\/about-us-1-en-150x150.png 150w, https:\/\/www.aiperas.com\/wp-content\/uploads\/2025\/11\/about-us-1-en-768x768.png 768w, https:\/\/www.aiperas.com\/wp-content\/uploads\/2025\/11\/about-us-1-en-12x12.png 12w\" sizes=\"(max-width: 800px) 100vw, 800px\" \/>\t\t\t\t\t\t\t\t\t\t\t\t\t\t\t<\/div>\n\t\t\t\t<\/div>\n\t\t\t\t<\/div>\n\t\t\t\t<\/div>\n\t\t\t\t\t<\/div>\n\t\t\t\t<\/div>\n\t\t<div class=\"elementor-element elementor-element-048f99a e-flex e-con-boxed e-con e-parent\" data-id=\"048f99a\" data-element_type=\"container\">\n\t\t\t\t\t<div class=\"e-con-inner\">\n\t\t<div class=\"elementor-element elementor-element-176804a e-con-full e-flex e-con e-child\" data-id=\"176804a\" data-element_type=\"container\" data-settings=\"{&quot;background_background&quot;:&quot;classic&quot;}\">\n\t\t<div class=\"elementor-element elementor-element-7ce830d e-con-full e-flex e-con e-child\" data-id=\"7ce830d\" data-element_type=\"container\">\n\t\t\t\t<div class=\"elementor-element elementor-element-b613b1b elementor-invisible elementor-widget elementor-widget-heading\" data-id=\"b613b1b\" data-element_type=\"widget\" data-settings=\"{&quot;_animation&quot;:&quot;fadeIn&quot;}\" data-widget_type=\"heading.default\">\n\t\t\t\t\t<h1 class=\"elementor-heading-title elementor-size-default\">Our Mission<\/h1>\t\t\t\t<\/div>\n\t\t\t\t<div class=\"elementor-element elementor-element-7aab8b6 elementor-widget elementor-widget-text-editor\" data-id=\"7aab8b6\" data-element_type=\"widget\" data-settings=\"{&quot;_animation&quot;:&quot;none&quot;,&quot;_animation_delay&quot;:200}\" data-widget_type=\"text-editor.default\">\n\t\t\t\t\t\t\t\t\t<p class=\"p1\"><span class=\"s1\">Our mission is to transform access to ERP data through the power of artificial intelligence, make technology accessible for everyone, and enable a data-driven business world.<\/span><\/p>\t\t\t\t\t\t\t\t<\/div>\n\t\t\t\t<\/div>\n\t\t<div class=\"elementor-element elementor-element-479d0f7 e-con-full e-flex e-con e-child\" data-id=\"479d0f7\" data-element_type=\"container\">\n\t\t<div class=\"elementor-element elementor-element-de7376e e-con-full e-flex e-con e-child\" data-id=\"de7376e\" data-element_type=\"container\" data-settings=\"{&quot;background_background&quot;:&quot;classic&quot;}\">\n\t\t\t\t<div class=\"elementor-element elementor-element-85a2303 elementor-widget elementor-widget-image\" data-id=\"85a2303\" data-element_type=\"widget\" data-widget_type=\"image.default\">\n\t\t\t\t\t\t\t\t\t\t\t\t\t\t\t<img decoding=\"async\" width=\"800\" height=\"800\" src=\"https:\/\/www.aiperas.com\/wp-content\/uploads\/2025\/11\/about-us-2-1-1024x1024.png\" class=\"attachment-large size-large wp-image-890\" alt=\"\" srcset=\"https:\/\/www.aiperas.com\/wp-content\/uploads\/2025\/11\/about-us-2-1-1024x1024.png 1024w, https:\/\/www.aiperas.com\/wp-content\/uploads\/2025\/11\/about-us-2-1-300x300.png 300w, https:\/\/www.aiperas.com\/wp-content\/uploads\/2025\/11\/about-us-2-1-150x150.png 150w, https:\/\/www.aiperas.com\/wp-content\/uploads\/2025\/11\/about-us-2-1-768x768.png 768w, https:\/\/www.aiperas.com\/wp-content\/uploads\/2025\/11\/about-us-2-1-1536x1536.png 1536w, https:\/\/www.aiperas.com\/wp-content\/uploads\/2025\/11\/about-us-2-1-2048x2048.png 2048w, https:\/\/www.aiperas.com\/wp-content\/uploads\/2025\/11\/about-us-2-1-12x12.png 12w\" sizes=\"(max-width: 800px) 100vw, 800px\" \/>\t\t\t\t\t\t\t\t\t\t\t\t\t\t\t<\/div>\n\t\t\t\t<\/div>\n\t\t\t\t<\/div>\n\t\t\t\t<\/div>\n\t\t\t\t\t<\/div>\n\t\t\t\t<\/div>\n\t\t<div class=\"elementor-element elementor-element-68dcf7e e-flex e-con-boxed e-con e-parent\" data-id=\"68dcf7e\" data-element_type=\"container\">\n\t\t\t\t\t<div class=\"e-con-inner\">\n\t\t<div class=\"elementor-element elementor-element-d6560b1 e-con-full e-flex e-con e-child\" data-id=\"d6560b1\" data-element_type=\"container\">\n\t\t<div class=\"elementor-element elementor-element-592c71c e-con-full e-flex e-con e-child\" data-id=\"592c71c\" data-element_type=\"container\">\n\t\t\t\t<div class=\"elementor-element elementor-element-3a66a56 elementor-widget elementor-widget-heading\" data-id=\"3a66a56\" data-element_type=\"widget\" data-widget_type=\"heading.default\">\n\t\t\t\t\t<h2 class=\"elementor-heading-title elementor-size-default\">Founders<\/h2>\t\t\t\t<\/div>\n\t\t\t\t<div class=\"elementor-element elementor-element-ee86ed3 elementor-widget elementor-widget-heading\" data-id=\"ee86ed3\" data-element_type=\"widget\" data-widget_type=\"heading.default\">\n\t\t\t\t\t<h2 class=\"elementor-heading-title elementor-size-default\">aiperas was founded in 2024 by Egemen \u0130nce and Melike Karaman. <br><br>\n<b>Egemen \u0130nce,<\/b> has led major projects in IT and cloud infrastructure for many years. His growing interest in artificial intelligence and recognition of its potential to transform ERP systems laid the foundation for the aiperas vision.\n<br><br>\n<b>Melike Karaman<\/b> on the other hand, gained extensive experience through ERP implementation projects across different industries and company scales. She observed first-hand the challenges senior management faces when trying to access the information needed to make strategic decisions. \n<br><br>\nThe combination of these two perspectives and expertise brought aiperas to life. <\/h2>\t\t\t\t<\/div>\n\t\t\t\t<\/div>\n\t\t\t\t<\/div>\n\t\t\t\t<div class=\"elementor-element elementor-element-d8afb29 elementor-icon-list--layout-inline elementor-align-center elementor-list-item-link-full_width elementor-widget elementor-widget-icon-list\" data-id=\"d8afb29\" data-element_type=\"widget\" data-widget_type=\"icon-list.default\">\n\t\t\t\t\t\t\t<ul class=\"elementor-icon-list-items elementor-inline-items\">\n\t\t\t\t\t\t\t<li class=\"elementor-icon-list-item elementor-inline-item\">\n\t\t\t\t\t\t\t\t\t\t\t<a href=\"https:\/\/www.linkedin.com\/in\/egemen-ince-0b273936\/\" target=\"_blank\">\n\n\t\t\t\t\t\t\t\t\t\t\t\t<span class=\"elementor-icon-list-icon\">\n\t\t\t\t\t\t\t<svg aria-hidden=\"true\" class=\"e-font-icon-svg e-fab-linkedin-in\" viewbox=\"0 0 448 512\" xmlns=\"http:\/\/www.w3.org\/2000\/svg\"><path d=\"M100.28 448H7.4V148.9h92.88zM53.79 108.1C24.09 108.1 0 83.5 0 53.8a53.79 53.79 0 0 1 107.58 0c0 29.7-24.1 54.3-53.79 54.3zM447.9 448h-92.68V302.4c0-34.7-.7-79.2-48.29-79.2-48.29 0-55.69 37.7-55.69 76.7V448h-92.78V148.9h89.08v40.8h1.3c12.4-23.5 42.69-48.3 87.88-48.3 94 0 111.28 61.9 111.28 142.3V448z\"><\/path><\/svg>\t\t\t\t\t\t<\/span>\n\t\t\t\t\t\t\t\t\t\t<span class=\"elementor-icon-list-text\">Egemen \u0130nce<\/span>\n\t\t\t\t\t\t\t\t\t\t\t<\/a>\n\t\t\t\t\t\t\t\t\t<\/li>\n\t\t\t\t\t\t\t\t<li class=\"elementor-icon-list-item elementor-inline-item\">\n\t\t\t\t\t\t\t\t\t\t\t<a href=\"https:\/\/www.linkedin.com\/in\/melikekaraman\/\" target=\"_blank\">\n\n\t\t\t\t\t\t\t\t\t\t\t\t<span class=\"elementor-icon-list-icon\">\n\t\t\t\t\t\t\t<svg aria-hidden=\"true\" class=\"e-font-icon-svg e-fab-linkedin-in\" viewbox=\"0 0 448 512\" xmlns=\"http:\/\/www.w3.org\/2000\/svg\"><path d=\"M100.28 448H7.4V148.9h92.88zM53.79 108.1C24.09 108.1 0 83.5 0 53.8a53.79 53.79 0 0 1 107.58 0c0 29.7-24.1 54.3-53.79 54.3zM447.9 448h-92.68V302.4c0-34.7-.7-79.2-48.29-79.2-48.29 0-55.69 37.7-55.69 76.7V448h-92.78V148.9h89.08v40.8h1.3c12.4-23.5 42.69-48.3 87.88-48.3 94 0 111.28 61.9 111.28 142.3V448z\"><\/path><\/svg>\t\t\t\t\t\t<\/span>\n\t\t\t\t\t\t\t\t\t\t<span class=\"elementor-icon-list-text\">Melike Karaman<\/span>\n\t\t\t\t\t\t\t\t\t\t\t<\/a>\n\t\t\t\t\t\t\t\t\t<\/li>\n\t\t\t\t\t\t<\/ul>\n\t\t\t\t\t\t<\/div>\n\t\t\t\t\t<\/div>\n\t\t\t\t<\/div>\n\t\t<div class=\"elementor-element elementor-element-8dd581c e-flex e-con-boxed e-con e-parent\" data-id=\"8dd581c\" data-element_type=\"container\">\n\t\t\t\t\t<div class=\"e-con-inner\">\n\t\t<div class=\"elementor-element elementor-element-c93e51a e-con-full e-flex e-con e-child\" data-id=\"c93e51a\" data-element_type=\"container\" data-settings=\"{&quot;background_background&quot;:&quot;classic&quot;}\">\n\t\t<div class=\"elementor-element elementor-element-69529a5 e-con-full e-flex e-con e-child\" data-id=\"69529a5\" data-element_type=\"container\">\n\t\t\t\t<div class=\"elementor-element elementor-element-77061fa elementor-invisible elementor-widget elementor-widget-heading\" data-id=\"77061fa\" data-element_type=\"widget\" data-settings=\"{&quot;_animation&quot;:&quot;fadeIn&quot;}\" data-widget_type=\"heading.default\">\n\t\t\t\t\t<h1 class=\"elementor-heading-title elementor-size-default\">Career Opportunities<\/h1>\t\t\t\t<\/div>\n\t\t\t\t<div class=\"elementor-element elementor-element-c3d195b elementor-widget elementor-widget-text-editor\" data-id=\"c3d195b\" data-element_type=\"widget\" data-settings=\"{&quot;_animation&quot;:&quot;none&quot;}\" data-widget_type=\"text-editor.default\">\n\t\t\t\t\t\t\t\t\t<div class=\"d1\"><div class=\"d1\"><p class=\"p1\">Join us and help shape the future of ERP with artificial intelligence.<\/p><\/div><\/div>\t\t\t\t\t\t\t\t<\/div>\n\t\t\t\t<div class=\"elementor-element elementor-element-dd4968b elementor-align-left elementor-invisible elementor-widget elementor-widget-button\" data-id=\"dd4968b\" data-element_type=\"widget\" data-settings=\"{&quot;_animation&quot;:&quot;fadeIn&quot;,&quot;_animation_delay&quot;:400}\" data-widget_type=\"button.default\">\n\t\t\t\t\t\t\t\t\t\t<a class=\"elementor-button elementor-button-link elementor-size-sm\" href=\"https:\/\/www.linkedin.com\/company\/aiperas\/jobs\/\" target=\"_blank\">\n\t\t\t\t\t\t<span class=\"elementor-button-content-wrapper\">\n\t\t\t\t\t\t\t\t\t<span class=\"elementor-button-text\">Join aiperas<\/span>\n\t\t\t\t\t<\/span>\n\t\t\t\t\t<\/a>\n\t\t\t\t\t\t\t\t<\/div>\n\t\t\t\t<\/div>\n\t\t<div class=\"elementor-element elementor-element-93396a4 e-con-full e-flex e-con e-child\" data-id=\"93396a4\" data-element_type=\"container\" data-settings=\"{&quot;background_background&quot;:&quot;classic&quot;}\">\n\t\t\t\t<div class=\"elementor-element elementor-element-7f1271e elementor-widget__width-inherit elementor-widget elementor-widget-image\" data-id=\"7f1271e\" data-element_type=\"widget\" data-widget_type=\"image.default\">\n\t\t\t\t\t\t\t\t\t\t\t\t\t\t\t<img decoding=\"async\" width=\"1277\" height=\"1277\" src=\"https:\/\/www.aiperas.com\/wp-content\/uploads\/2025\/10\/krakenimages-Y5bvRlcCx8k-unsplash-1.jpg\" class=\"attachment-full size-full wp-image-277\" alt=\"\" srcset=\"https:\/\/www.aiperas.com\/wp-content\/uploads\/2025\/10\/krakenimages-Y5bvRlcCx8k-unsplash-1.jpg 1277w, https:\/\/www.aiperas.com\/wp-content\/uploads\/2025\/10\/krakenimages-Y5bvRlcCx8k-unsplash-1-300x300.jpg 300w, https:\/\/www.aiperas.com\/wp-content\/uploads\/2025\/10\/krakenimages-Y5bvRlcCx8k-unsplash-1-1024x1024.jpg 1024w, https:\/\/www.aiperas.com\/wp-content\/uploads\/2025\/10\/krakenimages-Y5bvRlcCx8k-unsplash-1-150x150.jpg 150w, https:\/\/www.aiperas.com\/wp-content\/uploads\/2025\/10\/krakenimages-Y5bvRlcCx8k-unsplash-1-768x768.jpg 768w\" sizes=\"(max-width: 1277px) 100vw, 1277px\" \/>\t\t\t\t\t\t\t\t\t\t\t\t\t\t\t<\/div>\n\t\t\t\t<\/div>\n\t\t\t\t<\/div>\n\t\t\t\t\t<\/div>\n\t\t\t\t<\/div>\n\t\t\t\t<\/div>","protected":false},"excerpt":{"rendered":"<p>HAKKIMIZDA Veriyi Eri\u015filebilir K\u0131lan Yapay Zek\u00e2 Ekibi aiperas\u2019ta biz sadece geli\u015ftirdi\u011fimiz teknolojiyle de\u011fil, ayn\u0131 zamanda ekibimizin yetkinli\u011fi ve tutkusu ile gurur duyuyoruz. Hayalimiz, i\u015f d\u00fcnyas\u0131nda veriye eri\u015fimi herkes i\u00e7in kolay, h\u0131zl\u0131 ve g\u00fcvenilir hale getirmek. \u0130nan\u0131yoruz ki, karar vericiler do\u011fru bilgiye an\u0131nda ula\u015fabildiklerinde hem kendileri hem de i\u015fletmeleri \u00e7ok daha g\u00fc\u00e7l\u00fc olacakt\u0131r. aiperas&#8217;\u0131 Deneyimleyin Teknolojiyi [&hellip;]<\/p>","protected":false},"author":1,"featured_media":0,"parent":0,"menu_order":0,"comment_status":"closed","ping_status":"closed","template":"elementor_header_footer","meta":{"footnotes":""},"class_list":["post-30","page","type-page","status-publish","hentry"],"_links":{"self":[{"href":"https:\/\/www.aiperas.com\/en\/wp-json\/wp\/v2\/pages\/30","targetHints":{"allow":["GET"]}}],"collection":[{"href":"https:\/\/www.aiperas.com\/en\/wp-json\/wp\/v2\/pages"}],"about":[{"href":"https:\/\/www.aiperas.com\/en\/wp-json\/wp\/v2\/types\/page"}],"author":[{"embeddable":true,"href":"https:\/\/www.aiperas.com\/en\/wp-json\/wp\/v2\/users\/1"}],"replies":[{"embeddable":true,"href":"https:\/\/www.aiperas.com\/en\/wp-json\/wp\/v2\/comments?post=30"}],"version-history":[{"count":5,"href":"https:\/\/www.aiperas.com\/en\/wp-json\/wp\/v2\/pages\/30\/revisions"}],"predecessor-version":[{"id":960,"href":"https:\/\/www.aiperas.com\/en\/wp-json\/wp\/v2\/pages\/30\/revisions\/960"}],"wp:attachment":[{"href":"https:\/\/www.aiperas.com\/en\/wp-json\/wp\/v2\/media?parent=30"}],"curies":[{"name":"wp","href":"https:\/\/api.w.org\/{rel}","templated":true}]}}