{"id":846,"date":"2025-11-06T22:04:56","date_gmt":"2025-11-06T22:04:56","guid":{"rendered":"https:\/\/www.aiperas.com\/?page_id=846"},"modified":"2025-12-03T15:49:57","modified_gmt":"2025-12-03T15:49:57","slug":"haberler","status":"publish","type":"page","link":"https:\/\/www.aiperas.com\/en\/haberler\/","title":{"rendered":"News"},"content":{"rendered":"<div data-elementor-type=\"wp-page\" data-elementor-id=\"846\" class=\"elementor elementor-846\" data-elementor-post-type=\"page\">\n\t\t\t\t<div class=\"elementor-element elementor-element-3312f63 e-flex e-con-boxed e-con e-parent\" data-id=\"3312f63\" data-element_type=\"container\">\n\t\t\t\t\t<div class=\"e-con-inner\">\n\t\t<div class=\"elementor-element elementor-element-cd84158 e-con-full e-flex e-con e-child\" data-id=\"cd84158\" data-element_type=\"container\">\n\t\t<div class=\"elementor-element elementor-element-230311b e-con-full e-flex e-con e-child\" data-id=\"230311b\" data-element_type=\"container\">\n\t\t\t\t<div class=\"elementor-element elementor-element-4eecf94 elementor-widget elementor-widget-heading\" data-id=\"4eecf94\" data-element_type=\"widget\" data-widget_type=\"heading.default\">\n\t\t\t\t\t<h2 class=\"elementor-heading-title elementor-size-default\">News<\/h2>\t\t\t\t<\/div>\n\t\t\t\t<div class=\"elementor-element elementor-element-a316c19 elementor-widget elementor-widget-heading\" data-id=\"a316c19\" data-element_type=\"widget\" data-widget_type=\"heading.default\">\n\t\t\t\t\t<h2 class=\"elementor-heading-title elementor-size-default\">Latest Developments from Aiperas<\/h2>\t\t\t\t<\/div>\n\t\t\t\t<div class=\"elementor-element elementor-element-311fc1b elementor-widget elementor-widget-heading\" data-id=\"311fc1b\" data-element_type=\"widget\" data-widget_type=\"heading.default\">\n\t\t\t\t\t<h2 class=\"elementor-heading-title elementor-size-default\">Product updates, integrations, success stories, and event announcements. Here you can find the latest news from our AI journey that brings ERP to life through conversation.<\/h2>\t\t\t\t<\/div>\n\t\t\t\t<\/div>\n\t\t\t\t<\/div>\n\t\t\t\t\t<\/div>\n\t\t\t\t<\/div>\n\t\t<div class=\"elementor-element elementor-element-639ad4b e-flex e-con-boxed e-con e-parent\" data-id=\"639ad4b\" data-element_type=\"container\">\n\t\t\t\t\t<div class=\"e-con-inner\">\n\t\t\t\t<div class=\"elementor-element elementor-element-38da6f6 elementor-grid-2 elementor-grid-tablet-2 elementor-grid-mobile-1 elementor-widget elementor-widget-loop-grid\" data-id=\"38da6f6\" data-element_type=\"widget\" data-settings=\"{&quot;template_id&quot;:848,&quot;columns&quot;:2,&quot;_skin&quot;:&quot;post&quot;,&quot;columns_tablet&quot;:&quot;2&quot;,&quot;columns_mobile&quot;:&quot;1&quot;,&quot;edit_handle_selector&quot;:&quot;[data-elementor-type=\\&quot;loop-item\\&quot;]&quot;,&quot;row_gap&quot;:{&quot;unit&quot;:&quot;px&quot;,&quot;size&quot;:&quot;&quot;,&quot;sizes&quot;:[]},&quot;row_gap_tablet&quot;:{&quot;unit&quot;:&quot;px&quot;,&quot;size&quot;:&quot;&quot;,&quot;sizes&quot;:[]},&quot;row_gap_mobile&quot;:{&quot;unit&quot;:&quot;px&quot;,&quot;size&quot;:&quot;&quot;,&quot;sizes&quot;:[]}}\" data-widget_type=\"loop-grid.post\">\n\t\t\t\t<div class=\"elementor-widget-container\">\n\t\t\t\t\t\t\t<div class=\"elementor-loop-container elementor-grid\" role=\"list\">\n\t\t<style id=\"loop-848\">.elementor-848 .elementor-element.elementor-element-19a6f75{--display:flex;--flex-direction:column;--container-widget-width:100%;--container-widget-height:initial;--container-widget-flex-grow:0;--container-widget-align-self:initial;--flex-wrap-mobile:wrap;}.elementor-widget-theme-post-featured-image .widget-image-caption{color:var( --e-global-color-text );font-family:var( --e-global-typography-text-font-family ), Sans-serif;font-size:var( --e-global-typography-text-font-size );font-weight:var( --e-global-typography-text-font-weight );text-transform:var( --e-global-typography-text-text-transform );font-style:var( --e-global-typography-text-font-style );text-decoration:var( --e-global-typography-text-text-decoration );line-height:var( --e-global-typography-text-line-height );letter-spacing:var( --e-global-typography-text-letter-spacing );word-spacing:var( --e-global-typography-text-word-spacing );}.elementor-widget-theme-post-title .elementor-heading-title{font-family:var( --e-global-typography-primary-font-family ), Sans-serif;font-size:var( --e-global-typography-primary-font-size );font-weight:var( --e-global-typography-primary-font-weight );text-transform:var( --e-global-typography-primary-text-transform );font-style:var( --e-global-typography-primary-font-style );text-decoration:var( --e-global-typography-primary-text-decoration );line-height:var( --e-global-typography-primary-line-height );letter-spacing:var( --e-global-typography-primary-letter-spacing );word-spacing:var( --e-global-typography-primary-word-spacing );color:var( --e-global-color-primary );}.elementor-848 .elementor-element.elementor-element-42dd0b4 .elementor-heading-title{font-family:\"Satoshi\", Sans-serif;font-size:24px;font-weight:700;text-transform:none;font-style:normal;text-decoration:none;line-height:1.2em;letter-spacing:0px;word-spacing:0em;}.elementor-widget-theme-post-excerpt{font-family:var( --e-global-typography-text-font-family ), Sans-serif;font-size:var( --e-global-typography-text-font-size );font-weight:var( --e-global-typography-text-font-weight );text-transform:var( --e-global-typography-text-text-transform );font-style:var( --e-global-typography-text-font-style );text-decoration:var( --e-global-typography-text-text-decoration );line-height:var( --e-global-typography-text-line-height );letter-spacing:var( --e-global-typography-text-letter-spacing );word-spacing:var( --e-global-typography-text-word-spacing );color:var( --e-global-color-text );}@media(max-width:1024px){.elementor-widget-theme-post-featured-image .widget-image-caption{font-size:var( --e-global-typography-text-font-size );line-height:var( --e-global-typography-text-line-height );letter-spacing:var( --e-global-typography-text-letter-spacing );word-spacing:var( --e-global-typography-text-word-spacing );}.elementor-widget-theme-post-title .elementor-heading-title{font-size:var( --e-global-typography-primary-font-size );line-height:var( --e-global-typography-primary-line-height );letter-spacing:var( --e-global-typography-primary-letter-spacing );word-spacing:var( --e-global-typography-primary-word-spacing );}.elementor-widget-theme-post-excerpt{font-size:var( --e-global-typography-text-font-size );line-height:var( --e-global-typography-text-line-height );letter-spacing:var( --e-global-typography-text-letter-spacing );word-spacing:var( --e-global-typography-text-word-spacing );}}@media(max-width:767px){.elementor-widget-theme-post-featured-image .widget-image-caption{font-size:var( --e-global-typography-text-font-size );line-height:var( --e-global-typography-text-line-height );letter-spacing:var( --e-global-typography-text-letter-spacing );word-spacing:var( --e-global-typography-text-word-spacing );}.elementor-widget-theme-post-title .elementor-heading-title{font-size:var( --e-global-typography-primary-font-size );line-height:var( --e-global-typography-primary-line-height );letter-spacing:var( --e-global-typography-primary-letter-spacing );word-spacing:var( --e-global-typography-primary-word-spacing );}.elementor-848 .elementor-element.elementor-element-42dd0b4 .elementor-heading-title{font-size:28px;line-height:1.1em;}.elementor-widget-theme-post-excerpt{font-size:var( --e-global-typography-text-font-size );line-height:var( --e-global-typography-text-line-height );letter-spacing:var( --e-global-typography-text-letter-spacing );word-spacing:var( --e-global-typography-text-word-spacing );}}<\/style>\t\t<div data-elementor-type=\"loop-item\" data-elementor-id=\"848\" class=\"elementor elementor-848 e-loop-item e-loop-item-1156 post-1156 post type-post status-publish format-standard has-post-thumbnail hentry category-uncategorized\" data-elementor-post-type=\"elementor_library\" data-custom-edit-handle=\"1\">\n\t\t\t<a class=\"elementor-element elementor-element-19a6f75 e-flex e-con-boxed e-con e-parent\" data-id=\"19a6f75\" data-element_type=\"container\" href=\"https:\/\/www.aiperas.com\/en\/aiperas-logo-dunyasina-solniro-is-birligiyle-adim-atiyor\/\">\n\t\t\t\t\t<div class=\"e-con-inner\">\n\t\t\t\t<div class=\"elementor-element elementor-element-fd5146e elementor-widget elementor-widget-theme-post-featured-image elementor-widget-image\" data-id=\"fd5146e\" data-element_type=\"widget\" data-widget_type=\"theme-post-featured-image.default\">\n\t\t\t\t\t\t\t\t\t\t\t\t\t\t\t<img fetchpriority=\"high\" decoding=\"async\" width=\"1440\" height=\"960\" src=\"https:\/\/www.aiperas.com\/wp-content\/uploads\/2025\/11\/aiperasxsolniro-post.png\" class=\"attachment-full size-full wp-image-1157\" alt=\"\" srcset=\"https:\/\/www.aiperas.com\/wp-content\/uploads\/2025\/11\/aiperasxsolniro-post.png 1440w, https:\/\/www.aiperas.com\/wp-content\/uploads\/2025\/11\/aiperasxsolniro-post-300x200.png 300w, https:\/\/www.aiperas.com\/wp-content\/uploads\/2025\/11\/aiperasxsolniro-post-1024x683.png 1024w, https:\/\/www.aiperas.com\/wp-content\/uploads\/2025\/11\/aiperasxsolniro-post-768x512.png 768w, https:\/\/www.aiperas.com\/wp-content\/uploads\/2025\/11\/aiperasxsolniro-post-18x12.png 18w\" sizes=\"(max-width: 1440px) 100vw, 1440px\" \/>\t\t\t\t\t\t\t\t\t\t\t\t\t\t\t<\/div>\n\t\t\t\t<div class=\"elementor-element elementor-element-42dd0b4 elementor-widget elementor-widget-theme-post-title elementor-page-title elementor-widget-heading\" data-id=\"42dd0b4\" data-element_type=\"widget\" data-widget_type=\"theme-post-title.default\">\n\t\t\t\t\t<h3 class=\"elementor-heading-title elementor-size-default\">aiperas is entering the world of logos in collaboration with Solniro.<\/h3>\t\t\t\t<\/div>\n\t\t\t\t<div class=\"elementor-element elementor-element-ec3e14a elementor-widget elementor-widget-theme-post-excerpt translation-block\" data-id=\"ec3e14a\" data-element_type=\"widget\" data-widget_type=\"theme-post-excerpt.default\">aiperas announced a strategic partnership with <strong>Solniro<\/strong> to achieve a strong position in the <strong>Logo<\/strong> ecosystem, one of Turkey\u2019s leading ERP software companies. Within the scope of this partnership, Solniro will serve as the official distributor of aiperas for Logo ERP.<\/div>\n\t\t\t\t\t<\/div>\n\t\t\t\t<\/a>\n\t\t\t\t<\/div>\n\t\t\t\t<div data-elementor-type=\"loop-item\" data-elementor-id=\"848\" class=\"elementor elementor-848 e-loop-item e-loop-item-1150 post-1150 post type-post status-publish format-standard has-post-thumbnail hentry category-uncategorized\" data-elementor-post-type=\"elementor_library\" data-custom-edit-handle=\"1\">\n\t\t\t<a class=\"elementor-element elementor-element-19a6f75 e-flex e-con-boxed e-con e-parent\" data-id=\"19a6f75\" data-element_type=\"container\" href=\"https:\/\/www.aiperas.com\/en\/bt-haber-roportaji\/\">\n\t\t\t\t\t<div class=\"e-con-inner\">\n\t\t\t\t<div class=\"elementor-element elementor-element-fd5146e elementor-widget elementor-widget-theme-post-featured-image elementor-widget-image\" data-id=\"fd5146e\" data-element_type=\"widget\" data-widget_type=\"theme-post-featured-image.default\">\n\t\t\t\t\t\t\t\t\t\t\t\t\t\t\t<img decoding=\"async\" width=\"960\" height=\"640\" src=\"https:\/\/www.aiperas.com\/wp-content\/uploads\/2025\/11\/bg-haber.jpg\" class=\"attachment-full size-full wp-image-1151\" alt=\"\" srcset=\"https:\/\/www.aiperas.com\/wp-content\/uploads\/2025\/11\/bg-haber.jpg 960w, https:\/\/www.aiperas.com\/wp-content\/uploads\/2025\/11\/bg-haber-300x200.jpg 300w, https:\/\/www.aiperas.com\/wp-content\/uploads\/2025\/11\/bg-haber-768x512.jpg 768w, https:\/\/www.aiperas.com\/wp-content\/uploads\/2025\/11\/bg-haber-18x12.jpg 18w\" sizes=\"(max-width: 960px) 100vw, 960px\" \/>\t\t\t\t\t\t\t\t\t\t\t\t\t\t\t<\/div>\n\t\t\t\t<div class=\"elementor-element elementor-element-42dd0b4 elementor-widget elementor-widget-theme-post-title elementor-page-title elementor-widget-heading\" data-id=\"42dd0b4\" data-element_type=\"widget\" data-widget_type=\"theme-post-title.default\">\n\t\t\t\t\t<h3 class=\"elementor-heading-title elementor-size-default\">BT Haber Interview<\/h3>\t\t\t\t<\/div>\n\t\t\t\t<div class=\"elementor-element elementor-element-ec3e14a elementor-widget elementor-widget-theme-post-excerpt\" data-id=\"ec3e14a\" data-element_type=\"widget\" data-widget_type=\"theme-post-excerpt.default\">\n\t\t\t\t\tBT Haber, one of Turkey\u2019s leading technology publications, gave extensive coverage to aiperas in its special report on how artificial intelligence is transforming the ERP world.\t\t\t\t<\/div>\n\t\t\t\t\t<\/div>\n\t\t\t\t<\/a>\n\t\t\t\t<\/div>\n\t\t\t\t<div data-elementor-type=\"loop-item\" data-elementor-id=\"848\" class=\"elementor elementor-848 e-loop-item e-loop-item-1146 post-1146 post type-post status-publish format-standard has-post-thumbnail hentry category-uncategorized\" data-elementor-post-type=\"elementor_library\" data-custom-edit-handle=\"1\">\n\t\t\t<a class=\"elementor-element elementor-element-19a6f75 e-flex e-con-boxed e-con e-parent\" data-id=\"19a6f75\" data-element_type=\"container\" href=\"https:\/\/www.aiperas.com\/en\/aiperas-mikro-erp-ile-entegrasyonunu-tamamladi\/\">\n\t\t\t\t\t<div class=\"e-con-inner\">\n\t\t\t\t<div class=\"elementor-element elementor-element-fd5146e elementor-widget elementor-widget-theme-post-featured-image elementor-widget-image\" data-id=\"fd5146e\" data-element_type=\"widget\" data-widget_type=\"theme-post-featured-image.default\">\n\t\t\t\t\t\t\t\t\t\t\t\t\t\t\t<img decoding=\"async\" width=\"1440\" height=\"960\" src=\"https:\/\/www.aiperas.com\/wp-content\/uploads\/2025\/11\/aiperasxmikro-post.png\" class=\"attachment-full size-full wp-image-1147\" alt=\"\" srcset=\"https:\/\/www.aiperas.com\/wp-content\/uploads\/2025\/11\/aiperasxmikro-post.png 1440w, https:\/\/www.aiperas.com\/wp-content\/uploads\/2025\/11\/aiperasxmikro-post-300x200.png 300w, https:\/\/www.aiperas.com\/wp-content\/uploads\/2025\/11\/aiperasxmikro-post-1024x683.png 1024w, https:\/\/www.aiperas.com\/wp-content\/uploads\/2025\/11\/aiperasxmikro-post-768x512.png 768w, https:\/\/www.aiperas.com\/wp-content\/uploads\/2025\/11\/aiperasxmikro-post-18x12.png 18w\" sizes=\"(max-width: 1440px) 100vw, 1440px\" \/>\t\t\t\t\t\t\t\t\t\t\t\t\t\t\t<\/div>\n\t\t\t\t<div class=\"elementor-element elementor-element-42dd0b4 elementor-widget elementor-widget-theme-post-title elementor-page-title elementor-widget-heading\" data-id=\"42dd0b4\" data-element_type=\"widget\" data-widget_type=\"theme-post-title.default\">\n\t\t\t\t\t<h3 class=\"elementor-heading-title elementor-size-default\">aiperas Completed Its Integration with Mikro ERP<\/h3>\t\t\t\t<\/div>\n\t\t\t\t<div class=\"elementor-element elementor-element-ec3e14a elementor-widget elementor-widget-theme-post-excerpt\" data-id=\"ec3e14a\" data-element_type=\"widget\" data-widget_type=\"theme-post-excerpt.default\">\n\t\t\t\t\taiperas has completed the integration process with Mikro ERP, which is widely used especially in the SME segment in Turkey.  \nThanks to this integration, Mikro users can instantly access their financial and operational data using natural language.\t\t\t\t<\/div>\n\t\t\t\t\t<\/div>\n\t\t\t\t<\/a>\n\t\t\t\t<\/div>\n\t\t\t\t<div data-elementor-type=\"loop-item\" data-elementor-id=\"848\" class=\"elementor elementor-848 e-loop-item e-loop-item-1137 post-1137 post type-post status-publish format-standard has-post-thumbnail hentry category-uncategorized\" data-elementor-post-type=\"elementor_library\" data-custom-edit-handle=\"1\">\n\t\t\t<a class=\"elementor-element elementor-element-19a6f75 e-flex e-con-boxed e-con e-parent\" data-id=\"19a6f75\" data-element_type=\"container\" href=\"https:\/\/www.aiperas.com\/en\/aiperas-logo-erp-ile-tam-entegrasyonunu-tamamladi\/\">\n\t\t\t\t\t<div class=\"e-con-inner\">\n\t\t\t\t<div class=\"elementor-element elementor-element-fd5146e elementor-widget elementor-widget-theme-post-featured-image elementor-widget-image\" data-id=\"fd5146e\" data-element_type=\"widget\" data-widget_type=\"theme-post-featured-image.default\">\n\t\t\t\t\t\t\t\t\t\t\t\t\t\t\t<img loading=\"lazy\" decoding=\"async\" width=\"1440\" height=\"960\" src=\"https:\/\/www.aiperas.com\/wp-content\/uploads\/2025\/11\/aiperasxlogo-post.png\" class=\"attachment-full size-full wp-image-1138\" alt=\"\" srcset=\"https:\/\/www.aiperas.com\/wp-content\/uploads\/2025\/11\/aiperasxlogo-post.png 1440w, https:\/\/www.aiperas.com\/wp-content\/uploads\/2025\/11\/aiperasxlogo-post-300x200.png 300w, https:\/\/www.aiperas.com\/wp-content\/uploads\/2025\/11\/aiperasxlogo-post-1024x683.png 1024w, https:\/\/www.aiperas.com\/wp-content\/uploads\/2025\/11\/aiperasxlogo-post-768x512.png 768w, https:\/\/www.aiperas.com\/wp-content\/uploads\/2025\/11\/aiperasxlogo-post-18x12.png 18w\" sizes=\"(max-width: 1440px) 100vw, 1440px\" \/>\t\t\t\t\t\t\t\t\t\t\t\t\t\t\t<\/div>\n\t\t\t\t<div class=\"elementor-element elementor-element-42dd0b4 elementor-widget elementor-widget-theme-post-title elementor-page-title elementor-widget-heading\" data-id=\"42dd0b4\" data-element_type=\"widget\" data-widget_type=\"theme-post-title.default\">\n\t\t\t\t\t<h3 class=\"elementor-heading-title elementor-size-default\">aiperas Completed Full Integration with LOGO ERPaiperas Completed Full Integration with LOGO ERP<\/h3>\t\t\t\t<\/div>\n\t\t\t\t<div class=\"elementor-element elementor-element-ec3e14a elementor-widget elementor-widget-theme-post-excerpt\" data-id=\"ec3e14a\" data-element_type=\"widget\" data-widget_type=\"theme-post-excerpt.default\">\n\t\t\t\t\tAiperas has successfully completed its integration with LOGO ERP, one of Turkey's most widely used ERP platforms.  \nThanks to this integration, LOGO users can instantly receive answers by querying business data in natural language and manage their operational processes much more quickly.\t\t\t\t<\/div>\n\t\t\t\t\t<\/div>\n\t\t\t\t<\/a>\n\t\t\t\t<\/div>\n\t\t\t\t<\/div>\n\t\t\n\t\t\t\t\t\t<\/div>\n\t\t\t\t<\/div>\n\t\t\t\t\t<\/div>\n\t\t\t\t<\/div>\n\t\t\t\t<\/div>","protected":false},"excerpt":{"rendered":"<p>Haberler aiperas\u2019tan Son Geli\u015fmeler \u00dcr\u00fcn g\u00fcncellemeleri, entegrasyonlar, ba\u015far\u0131 hik\u00e2yeleri ve etkinlik duyurular\u0131. ERP\u2019yi konu\u015fturan yapay zek\u00e2 yolculu\u011fumuzdan en g\u00fcncel haberleri burada bulabilirsiniz.<\/p>","protected":false},"author":1,"featured_media":0,"parent":0,"menu_order":0,"comment_status":"closed","ping_status":"closed","template":"","meta":{"footnotes":""},"class_list":["post-846","page","type-page","status-publish","hentry"],"_links":{"self":[{"href":"https:\/\/www.aiperas.com\/en\/wp-json\/wp\/v2\/pages\/846","targetHints":{"allow":["GET"]}}],"collection":[{"href":"https:\/\/www.aiperas.com\/en\/wp-json\/wp\/v2\/pages"}],"about":[{"href":"https:\/\/www.aiperas.com\/en\/wp-json\/wp\/v2\/types\/page"}],"author":[{"embeddable":true,"href":"https:\/\/www.aiperas.com\/en\/wp-json\/wp\/v2\/users\/1"}],"replies":[{"embeddable":true,"href":"https:\/\/www.aiperas.com\/en\/wp-json\/wp\/v2\/comments?post=846"}],"version-history":[{"count":5,"href":"https:\/\/www.aiperas.com\/en\/wp-json\/wp\/v2\/pages\/846\/revisions"}],"predecessor-version":[{"id":1177,"href":"https:\/\/www.aiperas.com\/en\/wp-json\/wp\/v2\/pages\/846\/revisions\/1177"}],"wp:attachment":[{"href":"https:\/\/www.aiperas.com\/en\/wp-json\/wp\/v2\/media?parent=846"}],"curies":[{"name":"wp","href":"https:\/\/api.w.org\/{rel}","templated":true}]}}